{"id":11,"date":"2025-03-10T13:00:46","date_gmt":"2025-03-10T12:00:46","guid":{"rendered":"http:\/\/okatis.fr\/?page_id=11"},"modified":"2025-03-25T08:56:14","modified_gmt":"2025-03-25T07:56:14","slug":"parquets","status":"publish","type":"page","link":"https:\/\/okatis.fr\/index.php\/parquets\/","title":{"rendered":"Parquets"},"content":{"rendered":"\n\n\n\n\n\n\n\n\n\n\n\n","protected":false},"excerpt":{"rendered":"","protected":false},"author":1,"featured_media":0,"parent":0,"menu_order":0,"comment_status":"closed","ping_status":"closed","template":"full-width","meta":{"saved_in_kubio":true,"footnotes":""},"class_list":["post-11","page","type-page","status-publish","hentry"],"kubio_ai_page_context":{"short_desc":"","purpose":"general"},"yoast_head":"<!-- This site is optimized with the Yoast SEO plugin v25.4 - https:\/\/yoast.com\/wordpress\/plugins\/seo\/ -->\n<title>Parquets Fran\u00e7ais - Okatis<\/title>\n<meta name=\"description\" content=\"D\u00e9couvrez une solution haut de gamme pour un sol \u00e9l\u00e9gant et durable, parfait pour tous vos projets d&#039;am\u00e9nagement int\u00e9rieur.\" \/>\n<meta name=\"robots\" content=\"index, follow, max-snippet:-1, max-image-preview:large, max-video-preview:-1\" \/>\n<link rel=\"canonical\" href=\"https:\/\/okatis.fr\/index.php\/parquets\/\" \/>\n<meta property=\"og:locale\" content=\"fr_FR\" \/>\n<meta property=\"og:type\" content=\"article\" \/>\n<meta property=\"og:title\" content=\"Parquets Fran\u00e7ais - Okatis\" \/>\n<meta property=\"og:description\" content=\"D\u00e9couvrez une solution haut de gamme pour un sol \u00e9l\u00e9gant et durable, parfait pour tous vos projets d&#039;am\u00e9nagement int\u00e9rieur.\" \/>\n<meta property=\"og:url\" content=\"https:\/\/okatis.fr\/index.php\/parquets\/\" \/>\n<meta property=\"og:site_name\" content=\"Okatis\" \/>\n<meta property=\"article:modified_time\" content=\"2025-03-25T07:56:14+00:00\" \/>\n<meta name=\"twitter:card\" content=\"summary_large_image\" \/>\n<script type=\"application\/ld+json\" class=\"yoast-schema-graph\">{\"@context\":\"https:\/\/schema.org\",\"@graph\":[{\"@type\":\"WebPage\",\"@id\":\"https:\/\/okatis.fr\/index.php\/parquets\/\",\"url\":\"https:\/\/okatis.fr\/index.php\/parquets\/\",\"name\":\"Parquets Fran\u00e7ais - Okatis\",\"isPartOf\":{\"@id\":\"https:\/\/okatis.fr\/#website\"},\"datePublished\":\"2025-03-10T12:00:46+00:00\",\"dateModified\":\"2025-03-25T07:56:14+00:00\",\"description\":\"D\u00e9couvrez une solution haut de gamme pour un sol \u00e9l\u00e9gant et durable, parfait pour tous vos projets d'am\u00e9nagement int\u00e9rieur.\",\"breadcrumb\":{\"@id\":\"https:\/\/okatis.fr\/index.php\/parquets\/#breadcrumb\"},\"inLanguage\":\"fr-FR\",\"potentialAction\":[{\"@type\":\"ReadAction\",\"target\":[\"https:\/\/okatis.fr\/index.php\/parquets\/\"]}]},{\"@type\":\"BreadcrumbList\",\"@id\":\"https:\/\/okatis.fr\/index.php\/parquets\/#breadcrumb\",\"itemListElement\":[{\"@type\":\"ListItem\",\"position\":1,\"name\":\"Accueil\",\"item\":\"https:\/\/okatis.fr\/\"},{\"@type\":\"ListItem\",\"position\":2,\"name\":\"Parquets\"}]},{\"@type\":\"WebSite\",\"@id\":\"https:\/\/okatis.fr\/#website\",\"url\":\"https:\/\/okatis.fr\/\",\"name\":\"okatis.fr\",\"description\":\"Fournisseur de mat\u00e9riaux de finition\",\"publisher\":{\"@id\":\"https:\/\/okatis.fr\/#organization\"},\"potentialAction\":[{\"@type\":\"SearchAction\",\"target\":{\"@type\":\"EntryPoint\",\"urlTemplate\":\"https:\/\/okatis.fr\/?s={search_term_string}\"},\"query-input\":{\"@type\":\"PropertyValueSpecification\",\"valueRequired\":true,\"valueName\":\"search_term_string\"}}],\"inLanguage\":\"fr-FR\"},{\"@type\":\"Organization\",\"@id\":\"https:\/\/okatis.fr\/#organization\",\"name\":\"Okatis\",\"url\":\"https:\/\/okatis.fr\/\",\"logo\":{\"@type\":\"ImageObject\",\"inLanguage\":\"fr-FR\",\"@id\":\"https:\/\/okatis.fr\/#\/schema\/logo\/image\/\",\"url\":\"https:\/\/okatis.fr\/wp-content\/uploads\/2025\/11\/ChatGPT-Image-24-nov.-2025-a-12_38_22_transparent.png\",\"contentUrl\":\"https:\/\/okatis.fr\/wp-content\/uploads\/2025\/11\/ChatGPT-Image-24-nov.-2025-a-12_38_22_transparent.png\",\"width\":1536,\"height\":1024,\"caption\":\"Okatis\"},\"image\":{\"@id\":\"https:\/\/okatis.fr\/#\/schema\/logo\/image\/\"},\"sameAs\":[\"https:\/\/www.instagram.com\/okatis_rennes\/\"]}]}<\/script>\n<!-- \/ Yoast SEO plugin. -->","yoast_head_json":{"title":"Parquets Fran\u00e7ais - Okatis","description":"D\u00e9couvrez une solution haut de gamme pour un sol \u00e9l\u00e9gant et durable, parfait pour tous vos projets d'am\u00e9nagement int\u00e9rieur.","robots":{"index":"index","follow":"follow","max-snippet":"max-snippet:-1","max-image-preview":"max-image-preview:large","max-video-preview":"max-video-preview:-1"},"canonical":"https:\/\/okatis.fr\/index.php\/parquets\/","og_locale":"fr_FR","og_type":"article","og_title":"Parquets Fran\u00e7ais - Okatis","og_description":"D\u00e9couvrez une solution haut de gamme pour un sol \u00e9l\u00e9gant et durable, parfait pour tous vos projets d'am\u00e9nagement int\u00e9rieur.","og_url":"https:\/\/okatis.fr\/index.php\/parquets\/","og_site_name":"Okatis","article_modified_time":"2025-03-25T07:56:14+00:00","twitter_card":"summary_large_image","schema":{"@context":"https:\/\/schema.org","@graph":[{"@type":"WebPage","@id":"https:\/\/okatis.fr\/index.php\/parquets\/","url":"https:\/\/okatis.fr\/index.php\/parquets\/","name":"Parquets Fran\u00e7ais - Okatis","isPartOf":{"@id":"https:\/\/okatis.fr\/#website"},"datePublished":"2025-03-10T12:00:46+00:00","dateModified":"2025-03-25T07:56:14+00:00","description":"D\u00e9couvrez une solution haut de gamme pour un sol \u00e9l\u00e9gant et durable, parfait pour tous vos projets d'am\u00e9nagement int\u00e9rieur.","breadcrumb":{"@id":"https:\/\/okatis.fr\/index.php\/parquets\/#breadcrumb"},"inLanguage":"fr-FR","potentialAction":[{"@type":"ReadAction","target":["https:\/\/okatis.fr\/index.php\/parquets\/"]}]},{"@type":"BreadcrumbList","@id":"https:\/\/okatis.fr\/index.php\/parquets\/#breadcrumb","itemListElement":[{"@type":"ListItem","position":1,"name":"Accueil","item":"https:\/\/okatis.fr\/"},{"@type":"ListItem","position":2,"name":"Parquets"}]},{"@type":"WebSite","@id":"https:\/\/okatis.fr\/#website","url":"https:\/\/okatis.fr\/","name":"okatis.fr","description":"Fournisseur de mat\u00e9riaux de finition","publisher":{"@id":"https:\/\/okatis.fr\/#organization"},"potentialAction":[{"@type":"SearchAction","target":{"@type":"EntryPoint","urlTemplate":"https:\/\/okatis.fr\/?s={search_term_string}"},"query-input":{"@type":"PropertyValueSpecification","valueRequired":true,"valueName":"search_term_string"}}],"inLanguage":"fr-FR"},{"@type":"Organization","@id":"https:\/\/okatis.fr\/#organization","name":"Okatis","url":"https:\/\/okatis.fr\/","logo":{"@type":"ImageObject","inLanguage":"fr-FR","@id":"https:\/\/okatis.fr\/#\/schema\/logo\/image\/","url":"https:\/\/okatis.fr\/wp-content\/uploads\/2025\/11\/ChatGPT-Image-24-nov.-2025-a-12_38_22_transparent.png","contentUrl":"https:\/\/okatis.fr\/wp-content\/uploads\/2025\/11\/ChatGPT-Image-24-nov.-2025-a-12_38_22_transparent.png","width":1536,"height":1024,"caption":"Okatis"},"image":{"@id":"https:\/\/okatis.fr\/#\/schema\/logo\/image\/"},"sameAs":["https:\/\/www.instagram.com\/okatis_rennes\/"]}]}},"jetpack_sharing_enabled":true,"_links":{"self":[{"href":"https:\/\/okatis.fr\/index.php\/wp-json\/wp\/v2\/pages\/11","targetHints":{"allow":["GET"]}}],"collection":[{"href":"https:\/\/okatis.fr\/index.php\/wp-json\/wp\/v2\/pages"}],"about":[{"href":"https:\/\/okatis.fr\/index.php\/wp-json\/wp\/v2\/types\/page"}],"author":[{"embeddable":true,"href":"https:\/\/okatis.fr\/index.php\/wp-json\/wp\/v2\/users\/1"}],"replies":[{"embeddable":true,"href":"https:\/\/okatis.fr\/index.php\/wp-json\/wp\/v2\/comments?post=11"}],"version-history":[{"count":19,"href":"https:\/\/okatis.fr\/index.php\/wp-json\/wp\/v2\/pages\/11\/revisions"}],"predecessor-version":[{"id":425,"href":"https:\/\/okatis.fr\/index.php\/wp-json\/wp\/v2\/pages\/11\/revisions\/425"}],"wp:attachment":[{"href":"https:\/\/okatis.fr\/index.php\/wp-json\/wp\/v2\/media?parent=11"}],"curies":[{"name":"wp","href":"https:\/\/api.w.org\/{rel}","templated":true}]}}