{"id":3,"date":"2025-03-10T12:48:39","date_gmt":"2025-03-10T11:48:39","guid":{"rendered":"http:\/\/okatis.fr\/?page_id=3"},"modified":"2025-03-24T18:04:57","modified_gmt":"2025-03-24T17:04:57","slug":"politique-de-confidentialite","status":"publish","type":"page","link":"https:\/\/okatis.fr\/index.php\/politique-de-confidentialite\/","title":{"rendered":"Politique de confidentialit\u00e9"},"content":{"rendered":"\n\n\n<p class=\"has-text-align-left\" style=\"margin-right:var(--wp--preset--spacing--80);margin-left:var(--wp--preset--spacing--80)\"><strong>Politique de Confidentialit\u00e9 &#8211; Okatis<\/strong><\/p>\n\n\n\n<p class=\"has-text-align-left\" style=\"border-style:none;border-width:0px;margin-right:var(--wp--preset--spacing--80);margin-left:var(--wp--preset--spacing--80)\">L\u2019adresse de notre site est&nbsp;: http:\/\/okatis.fr<\/p>\n\n\n\n<p class=\"has-text-align-left\" style=\"margin-right:var(--wp--preset--spacing--80);margin-left:var(--wp--preset--spacing--80)\">Date de mise \u00e0 jour : 01\/03\/25<\/p>\n\n\n\n<p class=\"has-text-align-left\" style=\"margin-right:var(--wp--preset--spacing--80);margin-left:var(--wp--preset--spacing--80)\">Chez&nbsp;<strong>Okatis<\/strong>, la protection de vos donn\u00e9es personnelles est une priorit\u00e9. Cette politique de confidentialit\u00e9 vous explique comment nous collectons, utilisons et prot\u00e9geons vos informations lorsque vous utilisez notre site vitrine d\u00e9di\u00e9 \u00e0 la vente de portes, parquets, menuiseries et cuisines.<\/p>\n\n\n\n\n\n<h2 class=\"wp-block-heading alignwide has-text-align-left has-large-font-size\" style=\"margin-right:var(--wp--preset--spacing--80);margin-left:var(--wp--preset--spacing--80)\">1.&nbsp;<strong>Collecte des donn\u00e9es personnelles<\/strong><\/h2>\n\n\n\n<p class=\"has-text-align-left\" style=\"margin-right:var(--wp--preset--spacing--80);margin-left:var(--wp--preset--spacing--80)\">Nous collectons des informations lorsque vous :<\/p>\n\n\n\n<p class=\"has-text-align-left\" style=\"margin-right:var(--wp--preset--spacing--80);margin-left:var(--wp--preset--spacing--80)\">Les donn\u00e9es collect\u00e9es peuvent inclure :<\/p>\n\n\n\n<p class=\"has-text-align-left\" style=\"margin-right:var(--wp--preset--spacing--80);margin-left:var(--wp--preset--spacing--80)\"><strong>Donn\u00e9es de navigation<\/strong>&nbsp;: adresse IP, type d&rsquo;appareil, pages consult\u00e9es<\/p>\n\n\n\n<p class=\"has-text-align-left\" style=\"margin-right:var(--wp--preset--spacing--80);margin-left:var(--wp--preset--spacing--80)\"><strong>Donn\u00e9es d&rsquo;identification<\/strong>&nbsp;: nom, pr\u00e9nom, adresse e-mail, t\u00e9l\u00e9phone<\/p>\n\n\n\n\n\n<h2 class=\"wp-block-heading alignwide has-text-align-left has-large-font-size\" style=\"margin-right:var(--wp--preset--spacing--80);margin-left:var(--wp--preset--spacing--80)\">2.&nbsp;<strong>Utilisation des donn\u00e9es<\/strong><\/h2>\n\n\n\n<p class=\"has-text-align-left\" style=\"margin-right:var(--wp--preset--spacing--80);margin-left:var(--wp--preset--spacing--80)\">Vos informations sont utilis\u00e9es pour :<\/p>\n\n\n\n<p class=\"has-text-align-left\" style=\"margin-right:var(--wp--preset--spacing--80);margin-left:var(--wp--preset--spacing--80)\">Am\u00e9liorer votre exp\u00e9rience utilisateur sur notre site<\/p>\n\n\n\n<p class=\"has-text-align-left\" style=\"margin-right:var(--wp--preset--spacing--80);margin-left:var(--wp--preset--spacing--80)\">R\u00e9pondre \u00e0 vos demandes et vous accompagner dans vos projets<\/p>\n\n\n\n\n\n<h2 class=\"wp-block-heading has-text-align-left has-large-font-size\" style=\"margin-right:var(--wp--preset--spacing--80);margin-left:var(--wp--preset--spacing--80)\">3.&nbsp;<strong>Partage des donn\u00e9es<\/strong><\/h2>\n\n\n\n<p class=\"has-text-align-left\" style=\"margin-top:0;margin-right:var(--wp--preset--spacing--80);margin-bottom:0;margin-left:var(--wp--preset--spacing--80)\">Vos donn\u00e9es ne sont ni vendues ni c\u00e9d\u00e9es \u00e0 des tiers. Elles peuvent cependant \u00eatre partag\u00e9es avec :<\/p>\n\n\n\n<p class=\"has-text-align-left\" style=\"margin-right:var(--wp--preset--spacing--80);margin-left:var(--wp--preset--spacing--80)\">Les prestataires de services web pour l&rsquo;optimisation du site<\/p>\n\n\n\n<p class=\"has-text-align-left\" style=\"margin-right:var(--wp--preset--spacing--80);margin-left:var(--wp--preset--spacing--80)\">Nos partenaires logistiques ou techniques pour la gestion de vos commandes<\/p>\n\n\n\n\n\n<h2 class=\"wp-block-heading has-text-align-left has-large-font-size\" style=\"margin-right:var(--wp--preset--spacing--80);margin-left:var(--wp--preset--spacing--80)\">4.&nbsp;<strong>Dur\u00e9e de conservation<\/strong><\/h2>\n\n\n\n<p class=\"has-text-align-left\" style=\"margin-right:var(--wp--preset--spacing--80);margin-left:var(--wp--preset--spacing--80)\">Vos donn\u00e9es sont conserv\u00e9es pour la dur\u00e9e n\u00e9cessaire \u00e0 la r\u00e9alisation des finalit\u00e9s d\u00e9crites ci-dessus, conform\u00e9ment \u00e0 la r\u00e9glementation en vigueur.<\/p>\n\n\n\n\n\n<h2 class=\"wp-block-heading has-text-align-left has-large-font-size\" style=\"margin-right:var(--wp--preset--spacing--80);margin-left:var(--wp--preset--spacing--80)\">5.&nbsp;<strong>Vos droits<\/strong><\/h2>\n\n\n\n<p class=\"has-text-align-left\" style=\"margin-right:var(--wp--preset--spacing--80);margin-left:var(--wp--preset--spacing--80)\">Conform\u00e9ment au R\u00e8glement G\u00e9n\u00e9ral sur la Protection des Donn\u00e9es (RGPD), vous disposez de droits sur vos donn\u00e9es :<\/p>\n\n\n\n<ul class=\"wp-block-list\">\n<li style=\"margin-right:var(--wp--preset--spacing--80);margin-left:var(--wp--preset--spacing--80)\">Acc\u00e8s, rectification, suppression<\/li>\n\n\n\n<li style=\"border-style:none;border-width:0px;border-radius:0px;margin-right:var(--wp--preset--spacing--80);margin-left:var(--wp--preset--spacing--80)\">Opposition au traitement ou limitation<\/li>\n\n\n\n<li style=\"margin-right:var(--wp--preset--spacing--80);margin-left:var(--wp--preset--spacing--80)\">Portabilit\u00e9 des donn\u00e9es<\/li>\n<\/ul>\n\n\n\n<p class=\"has-text-align-left\" style=\"margin-right:var(--wp--preset--spacing--80);margin-left:var(--wp--preset--spacing--80)\">Vous pouvez exercer ces droits en nous contactant :&nbsp;<strong>E-mail :<\/strong>&nbsp;contact@okatis.fr<\/p>\n\n\n\n\n\n<h2 class=\"wp-block-heading has-text-align-left has-large-font-size\" style=\"margin-right:var(--wp--preset--spacing--80);margin-left:var(--wp--preset--spacing--80)\">6.&nbsp;<strong>Cookies et suivi<\/strong><\/h2>\n\n\n\n<p class=\"has-text-align-left\" style=\"margin-right:var(--wp--preset--spacing--80);margin-left:var(--wp--preset--spacing--80)\">Nous utilisons des cookies pour am\u00e9liorer votre exp\u00e9rience de navigation et analyser le trafic sur notre site. Vous pouvez param\u00e9trer vos pr\u00e9f\u00e9rences directement depuis votre navigateur.<\/p>\n\n\n\n\n\n<h2 class=\"wp-block-heading has-text-align-left has-large-font-size\" style=\"margin-right:var(--wp--preset--spacing--80);margin-left:var(--wp--preset--spacing--80)\">7.&nbsp;<strong>Modifications de la politique<\/strong><\/h2>\n\n\n\n<p class=\"has-text-align-left\" style=\"margin-right:var(--wp--preset--spacing--80);margin-left:var(--wp--preset--spacing--80)\">Cette politique de confidentialit\u00e9 peut \u00eatre mise \u00e0 jour. Nous vous invitons \u00e0 la consulter r\u00e9guli\u00e8rement pour rester inform\u00e9 des changements.<\/p>\n\n\n\n<hr class=\"wp-block-separator has-alpha-channel-opacity\"\/>\n\n\n\n<p class=\"has-text-align-left\" style=\"margin-right:var(--wp--preset--spacing--80);margin-left:var(--wp--preset--spacing--80)\">En utilisant notre site, vous acceptez cette politique de confidentialit\u00e9.<\/p>\n\n\n\n<p class=\"has-text-align-left\" style=\"margin-right:var(--wp--preset--spacing--80);margin-left:var(--wp--preset--spacing--80)\">Pour toute question, n&rsquo;h\u00e9sitez pas \u00e0 nous contacter !<\/p>\n\n\n","protected":false},"excerpt":{"rendered":"<p>Politique de Confidentialit\u00e9 &#8211; Okatis L\u2019adresse de notre site est&nbsp;: http:\/\/okatis.fr Date de mise \u00e0 jour : 01\/03\/25 Chez&nbsp;Okatis, la protection de vos donn\u00e9es personnelles est une priorit\u00e9. Cette politique de confidentialit\u00e9 vous explique comment nous collectons, utilisons et prot\u00e9geons vos informations lorsque vous utilisez notre site vitrine d\u00e9di\u00e9 \u00e0 la vente de portes, parquets, [&hellip;]<\/p>\n","protected":false},"author":1,"featured_media":0,"parent":0,"menu_order":7,"comment_status":"closed","ping_status":"closed","template":"home-page.php","meta":{"saved_in_kubio":true,"footnotes":""},"class_list":["post-3","page","type-page","status-publish","hentry"],"kubio_ai_page_context":{"short_desc":"","purpose":"general"},"yoast_head":"<!-- This site is optimized with the Yoast SEO plugin v25.4 - https:\/\/yoast.com\/wordpress\/plugins\/seo\/ -->\n<title>Politique de confidentialit\u00e9 - Okatis<\/title>\n<meta name=\"robots\" content=\"index, follow, max-snippet:-1, max-image-preview:large, max-video-preview:-1\" \/>\n<link rel=\"canonical\" href=\"https:\/\/okatis.fr\/index.php\/politique-de-confidentialite\/\" \/>\n<meta property=\"og:locale\" content=\"fr_FR\" \/>\n<meta property=\"og:type\" content=\"article\" \/>\n<meta property=\"og:title\" content=\"Politique de confidentialit\u00e9 - Okatis\" \/>\n<meta property=\"og:description\" content=\"Politique de Confidentialit\u00e9 &#8211; Okatis L\u2019adresse de notre site est&nbsp;: http:\/\/okatis.fr Date de mise \u00e0 jour : 01\/03\/25 Chez&nbsp;Okatis, la protection de vos donn\u00e9es personnelles est une priorit\u00e9. Cette politique de confidentialit\u00e9 vous explique comment nous collectons, utilisons et prot\u00e9geons vos informations lorsque vous utilisez notre site vitrine d\u00e9di\u00e9 \u00e0 la vente de portes, parquets, [&hellip;]\" \/>\n<meta property=\"og:url\" content=\"https:\/\/okatis.fr\/index.php\/politique-de-confidentialite\/\" \/>\n<meta property=\"og:site_name\" content=\"Okatis\" \/>\n<meta property=\"article:modified_time\" content=\"2025-03-24T17:04:57+00:00\" \/>\n<meta name=\"twitter:card\" content=\"summary_large_image\" \/>\n<meta name=\"twitter:label1\" content=\"Dur\u00e9e de lecture estim\u00e9e\" \/>\n\t<meta name=\"twitter:data1\" content=\"2 minutes\" \/>\n<script type=\"application\/ld+json\" class=\"yoast-schema-graph\">{\"@context\":\"https:\/\/schema.org\",\"@graph\":[{\"@type\":\"WebPage\",\"@id\":\"https:\/\/okatis.fr\/index.php\/politique-de-confidentialite\/\",\"url\":\"https:\/\/okatis.fr\/index.php\/politique-de-confidentialite\/\",\"name\":\"Politique de confidentialit\u00e9 - Okatis\",\"isPartOf\":{\"@id\":\"https:\/\/okatis.fr\/#website\"},\"datePublished\":\"2025-03-10T11:48:39+00:00\",\"dateModified\":\"2025-03-24T17:04:57+00:00\",\"breadcrumb\":{\"@id\":\"https:\/\/okatis.fr\/index.php\/politique-de-confidentialite\/#breadcrumb\"},\"inLanguage\":\"fr-FR\",\"potentialAction\":[{\"@type\":\"ReadAction\",\"target\":[\"https:\/\/okatis.fr\/index.php\/politique-de-confidentialite\/\"]}]},{\"@type\":\"BreadcrumbList\",\"@id\":\"https:\/\/okatis.fr\/index.php\/politique-de-confidentialite\/#breadcrumb\",\"itemListElement\":[{\"@type\":\"ListItem\",\"position\":1,\"name\":\"Accueil\",\"item\":\"https:\/\/okatis.fr\/\"},{\"@type\":\"ListItem\",\"position\":2,\"name\":\"Politique de confidentialit\u00e9\"}]},{\"@type\":\"WebSite\",\"@id\":\"https:\/\/okatis.fr\/#website\",\"url\":\"https:\/\/okatis.fr\/\",\"name\":\"okatis.fr\",\"description\":\"Fournisseur de mat\u00e9riaux de finition\",\"publisher\":{\"@id\":\"https:\/\/okatis.fr\/#organization\"},\"potentialAction\":[{\"@type\":\"SearchAction\",\"target\":{\"@type\":\"EntryPoint\",\"urlTemplate\":\"https:\/\/okatis.fr\/?s={search_term_string}\"},\"query-input\":{\"@type\":\"PropertyValueSpecification\",\"valueRequired\":true,\"valueName\":\"search_term_string\"}}],\"inLanguage\":\"fr-FR\"},{\"@type\":\"Organization\",\"@id\":\"https:\/\/okatis.fr\/#organization\",\"name\":\"Okatis\",\"url\":\"https:\/\/okatis.fr\/\",\"logo\":{\"@type\":\"ImageObject\",\"inLanguage\":\"fr-FR\",\"@id\":\"https:\/\/okatis.fr\/#\/schema\/logo\/image\/\",\"url\":\"https:\/\/okatis.fr\/wp-content\/uploads\/2025\/11\/ChatGPT-Image-24-nov.-2025-a-12_38_22_transparent.png\",\"contentUrl\":\"https:\/\/okatis.fr\/wp-content\/uploads\/2025\/11\/ChatGPT-Image-24-nov.-2025-a-12_38_22_transparent.png\",\"width\":1536,\"height\":1024,\"caption\":\"Okatis\"},\"image\":{\"@id\":\"https:\/\/okatis.fr\/#\/schema\/logo\/image\/\"},\"sameAs\":[\"https:\/\/www.instagram.com\/okatis_rennes\/\"]}]}<\/script>\n<!-- \/ Yoast SEO plugin. -->","yoast_head_json":{"title":"Politique de confidentialit\u00e9 - Okatis","robots":{"index":"index","follow":"follow","max-snippet":"max-snippet:-1","max-image-preview":"max-image-preview:large","max-video-preview":"max-video-preview:-1"},"canonical":"https:\/\/okatis.fr\/index.php\/politique-de-confidentialite\/","og_locale":"fr_FR","og_type":"article","og_title":"Politique de confidentialit\u00e9 - Okatis","og_description":"Politique de Confidentialit\u00e9 &#8211; Okatis L\u2019adresse de notre site est&nbsp;: http:\/\/okatis.fr Date de mise \u00e0 jour : 01\/03\/25 Chez&nbsp;Okatis, la protection de vos donn\u00e9es personnelles est une priorit\u00e9. Cette politique de confidentialit\u00e9 vous explique comment nous collectons, utilisons et prot\u00e9geons vos informations lorsque vous utilisez notre site vitrine d\u00e9di\u00e9 \u00e0 la vente de portes, parquets, [&hellip;]","og_url":"https:\/\/okatis.fr\/index.php\/politique-de-confidentialite\/","og_site_name":"Okatis","article_modified_time":"2025-03-24T17:04:57+00:00","twitter_card":"summary_large_image","twitter_misc":{"Dur\u00e9e de lecture estim\u00e9e":"2 minutes"},"schema":{"@context":"https:\/\/schema.org","@graph":[{"@type":"WebPage","@id":"https:\/\/okatis.fr\/index.php\/politique-de-confidentialite\/","url":"https:\/\/okatis.fr\/index.php\/politique-de-confidentialite\/","name":"Politique de confidentialit\u00e9 - Okatis","isPartOf":{"@id":"https:\/\/okatis.fr\/#website"},"datePublished":"2025-03-10T11:48:39+00:00","dateModified":"2025-03-24T17:04:57+00:00","breadcrumb":{"@id":"https:\/\/okatis.fr\/index.php\/politique-de-confidentialite\/#breadcrumb"},"inLanguage":"fr-FR","potentialAction":[{"@type":"ReadAction","target":["https:\/\/okatis.fr\/index.php\/politique-de-confidentialite\/"]}]},{"@type":"BreadcrumbList","@id":"https:\/\/okatis.fr\/index.php\/politique-de-confidentialite\/#breadcrumb","itemListElement":[{"@type":"ListItem","position":1,"name":"Accueil","item":"https:\/\/okatis.fr\/"},{"@type":"ListItem","position":2,"name":"Politique de confidentialit\u00e9"}]},{"@type":"WebSite","@id":"https:\/\/okatis.fr\/#website","url":"https:\/\/okatis.fr\/","name":"okatis.fr","description":"Fournisseur de mat\u00e9riaux de finition","publisher":{"@id":"https:\/\/okatis.fr\/#organization"},"potentialAction":[{"@type":"SearchAction","target":{"@type":"EntryPoint","urlTemplate":"https:\/\/okatis.fr\/?s={search_term_string}"},"query-input":{"@type":"PropertyValueSpecification","valueRequired":true,"valueName":"search_term_string"}}],"inLanguage":"fr-FR"},{"@type":"Organization","@id":"https:\/\/okatis.fr\/#organization","name":"Okatis","url":"https:\/\/okatis.fr\/","logo":{"@type":"ImageObject","inLanguage":"fr-FR","@id":"https:\/\/okatis.fr\/#\/schema\/logo\/image\/","url":"https:\/\/okatis.fr\/wp-content\/uploads\/2025\/11\/ChatGPT-Image-24-nov.-2025-a-12_38_22_transparent.png","contentUrl":"https:\/\/okatis.fr\/wp-content\/uploads\/2025\/11\/ChatGPT-Image-24-nov.-2025-a-12_38_22_transparent.png","width":1536,"height":1024,"caption":"Okatis"},"image":{"@id":"https:\/\/okatis.fr\/#\/schema\/logo\/image\/"},"sameAs":["https:\/\/www.instagram.com\/okatis_rennes\/"]}]}},"jetpack_sharing_enabled":true,"_links":{"self":[{"href":"https:\/\/okatis.fr\/index.php\/wp-json\/wp\/v2\/pages\/3","targetHints":{"allow":["GET"]}}],"collection":[{"href":"https:\/\/okatis.fr\/index.php\/wp-json\/wp\/v2\/pages"}],"about":[{"href":"https:\/\/okatis.fr\/index.php\/wp-json\/wp\/v2\/types\/page"}],"author":[{"embeddable":true,"href":"https:\/\/okatis.fr\/index.php\/wp-json\/wp\/v2\/users\/1"}],"replies":[{"embeddable":true,"href":"https:\/\/okatis.fr\/index.php\/wp-json\/wp\/v2\/comments?post=3"}],"version-history":[{"count":4,"href":"https:\/\/okatis.fr\/index.php\/wp-json\/wp\/v2\/pages\/3\/revisions"}],"predecessor-version":[{"id":405,"href":"https:\/\/okatis.fr\/index.php\/wp-json\/wp\/v2\/pages\/3\/revisions\/405"}],"wp:attachment":[{"href":"https:\/\/okatis.fr\/index.php\/wp-json\/wp\/v2\/media?parent=3"}],"curies":[{"name":"wp","href":"https:\/\/api.w.org\/{rel}","templated":true}]}}